{"id":11,"date":"2020-04-02T18:59:15","date_gmt":"2020-04-02T18:59:15","guid":{"rendered":"http:\/\/zwerge-soest.de\/?page_id=11"},"modified":"2026-02-15T18:25:41","modified_gmt":"2026-02-15T18:25:41","slug":"konzept","status":"publish","type":"page","link":"https:\/\/zwerge-soest.de\/?page_id=11","title":{"rendered":"Unser komplettes p\u00e4dagogisches Konzept k\u00f6nnen Sie sich gerne unten auf der Seite als pdf herunterladen."},"content":{"rendered":"\n<p><\/p>\n\n\n\n<p class=\"has-text-align-center has-background has-normal-font-size\" style=\"background-color:#f1f4f7\"><strong>Erkl\u00e4re es mir <br><\/strong><em><strong>und ich werde es vergessen!<\/strong><\/em><strong><br>Zeige es mir <br><\/strong><em><strong>und ich werde mich erinnern!<\/strong><\/em><strong><br>Lass es mich selber tun <br><\/strong><em><strong>und ich werde es verstehen!<\/strong><\/em><strong><br><br><\/strong><em>Konfuzius<\/em><\/p>\n\n\n\n<p>Kinder verf\u00fcgen \u00fcber ein unersch\u00f6pfliches Ma\u00df an Neugierde.<br>Diese m\u00f6chten wir nutzen, um die Kinder f\u00fcr die sch\u00f6nen Dinge dieser Welt zu begeistern. Wir m\u00f6chten sie motivieren, selbst\u00e4ndig diese Welt zu erforschen und zu entdecken. Die Kinder sollen sich frei entfalten k\u00f6nnen und sich zu selbst\u00e4ndigen und selbstbewussten Pers\u00f6nlichkeiten entwickeln.<\/p>\n\n\n\n<p>Wir begleiten die Kinder achtsam und greifen ein, wenn sie Hilfe ben\u00f6tigen. Wir sind f\u00fcr die Kinder immer greifbar, um zu tr\u00f6sten oder zu helfen einen Konflikt zu kl\u00e4ren. Wir begleiten die Gef\u00fchle der Kinder, wir benennen sie und helfen den Kindern mit ihren oft starken Gef\u00fchlen umzugehen.<\/p>\n\n\n<div class=\"wp-block-image\">\n<figure class=\"alignleft size-full is-resized\"><img loading=\"lazy\" decoding=\"async\" width=\"800\" height=\"800\" src=\"https:\/\/zwerge-soest.de\/wp-content\/uploads\/2023\/01\/Lastenfahrrad.jpg\" alt=\"\" class=\"wp-image-392\" style=\"width:153px;height:153px\" srcset=\"https:\/\/zwerge-soest.de\/wp-content\/uploads\/2023\/01\/Lastenfahrrad.jpg 800w, https:\/\/zwerge-soest.de\/wp-content\/uploads\/2023\/01\/Lastenfahrrad-300x300.jpg 300w, https:\/\/zwerge-soest.de\/wp-content\/uploads\/2023\/01\/Lastenfahrrad-150x150.jpg 150w, https:\/\/zwerge-soest.de\/wp-content\/uploads\/2023\/01\/Lastenfahrrad-768x768.jpg 768w\" sizes=\"auto, (max-width: 800px) 100vw, 800px\" \/><\/figure>\n<\/div>\n\n<div class=\"wp-block-image\">\n<figure class=\"alignright size-full is-resized\"><img decoding=\"async\" src=\"https:\/\/zwerge-soest.de\/wp-content\/uploads\/2023\/02\/Weber-Kinderbus-beschnitten.jpg\" alt=\"\" class=\"wp-image-491\" style=\"width:172px;height:153px\"\/><\/figure>\n<\/div>\n\n\n<p>Kinder befriedigen im Spiel ihre Neugier, ihren Nachahmungstrieb und ihren Bewegungsdrang, dies ist in den Betreuungsr\u00e4umen genauso m\u00f6glich wie drau\u00dfen an der frischen Luft.<\/p>\n\n\n\n<p style=\"font-size:16px\">Neben unserem eigenen Garten haben wir durch unsere beiden Kinderbusse und dem Lastenfahrrad einen gro\u00dfen Aktionsradius, so dass wir regelm\u00e4\u00dfig den nahegelegenen Wildpark, den Kurpark oder einen Spielplatz besuchen.<\/p>\n\n\n\n<p>Au\u00dferdem leben bei uns 3 Kaninchen, die bei allen Kindern sehr beliebt sind. Es ist ein fester Bestandteil des Tagesablaufs die 3 zu f\u00fcttern. Auch die drei sind Teil unseres Teams. Der respektvolle Umgang mit ihnen ist selbst f\u00fcr die Kleinsten eine gro\u00dfartige Erfahrung.<\/p>\n\n\n<div class=\"wp-block-image is-style-rounded\">\n<figure class=\"alignright size-full is-resized\"><img loading=\"lazy\" decoding=\"async\" width=\"960\" height=\"961\" src=\"https:\/\/zwerge-soest.de\/wp-content\/uploads\/2023\/02\/Ernaehrung-2-beschnittenV2-1.jpg\" alt=\"\" class=\"wp-image-506\" style=\"width:153px;height:153px\" srcset=\"https:\/\/zwerge-soest.de\/wp-content\/uploads\/2023\/02\/Ernaehrung-2-beschnittenV2-1.jpg 960w, https:\/\/zwerge-soest.de\/wp-content\/uploads\/2023\/02\/Ernaehrung-2-beschnittenV2-1-300x300.jpg 300w, https:\/\/zwerge-soest.de\/wp-content\/uploads\/2023\/02\/Ernaehrung-2-beschnittenV2-1-150x150.jpg 150w, https:\/\/zwerge-soest.de\/wp-content\/uploads\/2023\/02\/Ernaehrung-2-beschnittenV2-1-768x769.jpg 768w\" sizes=\"auto, (max-width: 960px) 100vw, 960px\" \/><\/figure>\n<\/div>\n\n<div class=\"wp-block-image is-style-rounded\">\n<figure class=\"alignleft size-large is-resized\"><img loading=\"lazy\" decoding=\"async\" width=\"1024\" height=\"1024\" src=\"https:\/\/zwerge-soest.de\/wp-content\/uploads\/2023\/01\/Ernaehrung-1-1024x1024.jpg\" alt=\"\" class=\"wp-image-388\" style=\"width:153px;height:153px\" srcset=\"https:\/\/zwerge-soest.de\/wp-content\/uploads\/2023\/01\/Ernaehrung-1-1024x1024.jpg 1024w, https:\/\/zwerge-soest.de\/wp-content\/uploads\/2023\/01\/Ernaehrung-1-300x300.jpg 300w, https:\/\/zwerge-soest.de\/wp-content\/uploads\/2023\/01\/Ernaehrung-1-150x150.jpg 150w, https:\/\/zwerge-soest.de\/wp-content\/uploads\/2023\/01\/Ernaehrung-1-768x768.jpg 768w, https:\/\/zwerge-soest.de\/wp-content\/uploads\/2023\/01\/Ernaehrung-1-1536x1536.jpg 1536w, https:\/\/zwerge-soest.de\/wp-content\/uploads\/2023\/01\/Ernaehrung-1.jpg 1600w\" sizes=\"auto, (max-width: 1024px) 100vw, 1024px\" \/><\/figure>\n<\/div>\n\n\n<p><strong>Wir kochen jeden Tag frisch und gesund. Bei der Auswahl der Zutaten achten wir darauf, diese fast ausschlie\u00dflich in Bio- oder sogar in Demeter Qualit\u00e4t einzukaufen. Nach M\u00f6glichkeit kaufen wir regional und saisonal, u.a. erhalten wir unser Gem\u00fcse direkt vom G\u00e4rtnerhof in R\u00f6llingsen. Eine gesunde, abwechslungsreiche und kindgerechte Ern\u00e4hrung ist uns sehr wichtig.<\/strong><\/p>\n\n\n\n<p>Wir ermutigen alle Kinder m\u00f6glichst fr\u00fch, selbstst\u00e4ndig zu essen und aus Gl\u00e4sern zu trinken. Wer es motorisch noch nicht schafft, mit dem L\u00f6ffel oder mit der Gabel zu essen, der darf bei uns auch gern die Finger zur Hilfe nehmen. Auch das geh\u00f6rt zu einer gesunden Ern\u00e4hrungsentwicklung dazu. Das Essen darf mit allen Sinnen erforscht werden.<\/p>\n\n\n\n<p>Sollten Sie spezielle W\u00fcnsche haben, so k\u00f6nnen wir diese nach M\u00f6glichkeit ber\u00fccksichtigen.<\/p>\n\n\n\n<p class=\"has-medium-font-size\"><a href=\"https:\/\/zwerge-soest.de\/wp-content\/uploads\/2026\/02\/KONZEPT-Soester-Zwerge-2026-V03.pdf\" target=\"_blank\" rel=\"noreferrer noopener\">Laden Sie sich gerne <strong>hier<\/strong> unser ausf\u00fchrliches Konzept als pdf herunter.<\/a><\/p>\n","protected":false},"excerpt":{"rendered":"<p>Erkl\u00e4re es mir und ich werde es vergessen!Zeige es mir und ich werde mich erinnern!Lass es mich selber tun und ich werde es verstehen! Konfuzius&hellip;<\/p>\n","protected":false},"author":1,"featured_media":0,"parent":0,"menu_order":0,"comment_status":"closed","ping_status":"closed","template":"","meta":{"ngg_post_thumbnail":0,"footnotes":""},"class_list":["post-11","page","type-page","status-publish","hentry"],"yoast_head":"<!-- This site is optimized with the Yoast SEO plugin v27.6 - https:\/\/yoast.com\/product\/yoast-seo-wordpress\/ -->\n<title>Unser komplettes p\u00e4dagogisches Konzept k\u00f6nnen Sie sich gerne unten auf der Seite als pdf herunterladen. &#187; Soester-Zwerge Kindergro\u00dftagespflege<\/title>\n<meta name=\"robots\" content=\"index, follow, max-snippet:-1, max-image-preview:large, max-video-preview:-1\" \/>\n<link rel=\"canonical\" href=\"https:\/\/zwerge-soest.de\/?page_id=11\" \/>\n<meta property=\"og:locale\" content=\"de_DE\" \/>\n<meta property=\"og:type\" content=\"article\" \/>\n<meta property=\"og:title\" content=\"Unser komplettes p\u00e4dagogisches Konzept k\u00f6nnen Sie sich gerne unten auf der Seite als pdf herunterladen. &#187; Soester-Zwerge Kindergro\u00dftagespflege\" \/>\n<meta property=\"og:description\" content=\"Erkl\u00e4re es mir und ich werde es vergessen!Zeige es mir und ich werde mich erinnern!Lass es mich selber tun und ich werde es verstehen! Konfuzius&hellip;\" \/>\n<meta property=\"og:url\" content=\"https:\/\/zwerge-soest.de\/?page_id=11\" \/>\n<meta property=\"og:site_name\" content=\"Soester-Zwerge Kindergro\u00dftagespflege\" \/>\n<meta property=\"article:publisher\" content=\"https:\/\/www.facebook.com\/pages\/category\/Child-Care-Service\/Soester-Zwerge-Kindergro%c3%9ftagespflege-101729038179194\/\" \/>\n<meta property=\"article:modified_time\" content=\"2026-02-15T18:25:41+00:00\" \/>\n<meta property=\"og:image\" content=\"https:\/\/zwerge-soest.de\/wp-content\/uploads\/2023\/01\/Lastenfahrrad.jpg\" \/>\n<meta name=\"twitter:card\" content=\"summary_large_image\" \/>\n<meta name=\"twitter:label1\" content=\"Gesch\u00e4tzte Lesezeit\" \/>\n\t<meta name=\"twitter:data1\" content=\"3\u00a0Minuten\" \/>\n<script type=\"application\/ld+json\" class=\"yoast-schema-graph\">{\"@context\":\"https:\\\/\\\/schema.org\",\"@graph\":[{\"@type\":\"WebPage\",\"@id\":\"https:\\\/\\\/zwerge-soest.de\\\/?page_id=11\",\"url\":\"https:\\\/\\\/zwerge-soest.de\\\/?page_id=11\",\"name\":\"Unser komplettes p\u00e4dagogisches Konzept k\u00f6nnen Sie sich gerne unten auf der Seite als pdf herunterladen. &#187; Soester-Zwerge Kindergro\u00dftagespflege\",\"isPartOf\":{\"@id\":\"https:\\\/\\\/zwerge-soest.de\\\/#website\"},\"primaryImageOfPage\":{\"@id\":\"https:\\\/\\\/zwerge-soest.de\\\/?page_id=11#primaryimage\"},\"image\":{\"@id\":\"https:\\\/\\\/zwerge-soest.de\\\/?page_id=11#primaryimage\"},\"thumbnailUrl\":\"https:\\\/\\\/zwerge-soest.de\\\/wp-content\\\/uploads\\\/2023\\\/01\\\/Lastenfahrrad.jpg\",\"datePublished\":\"2020-04-02T18:59:15+00:00\",\"dateModified\":\"2026-02-15T18:25:41+00:00\",\"breadcrumb\":{\"@id\":\"https:\\\/\\\/zwerge-soest.de\\\/?page_id=11#breadcrumb\"},\"inLanguage\":\"de\",\"potentialAction\":[{\"@type\":\"ReadAction\",\"target\":[\"https:\\\/\\\/zwerge-soest.de\\\/?page_id=11\"]}]},{\"@type\":\"ImageObject\",\"inLanguage\":\"de\",\"@id\":\"https:\\\/\\\/zwerge-soest.de\\\/?page_id=11#primaryimage\",\"url\":\"https:\\\/\\\/zwerge-soest.de\\\/wp-content\\\/uploads\\\/2023\\\/01\\\/Lastenfahrrad.jpg\",\"contentUrl\":\"https:\\\/\\\/zwerge-soest.de\\\/wp-content\\\/uploads\\\/2023\\\/01\\\/Lastenfahrrad.jpg\",\"width\":800,\"height\":800},{\"@type\":\"BreadcrumbList\",\"@id\":\"https:\\\/\\\/zwerge-soest.de\\\/?page_id=11#breadcrumb\",\"itemListElement\":[{\"@type\":\"ListItem\",\"position\":1,\"name\":\"Startseite\",\"item\":\"https:\\\/\\\/zwerge-soest.de\\\/\"},{\"@type\":\"ListItem\",\"position\":2,\"name\":\"Unser komplettes p\u00e4dagogisches Konzept k\u00f6nnen Sie sich gerne unten auf der Seite als pdf herunterladen.\"}]},{\"@type\":\"WebSite\",\"@id\":\"https:\\\/\\\/zwerge-soest.de\\\/#website\",\"url\":\"https:\\\/\\\/zwerge-soest.de\\\/\",\"name\":\"Soester Zwerge - Kindergro\u00dftagespflege\",\"description\":\"\",\"publisher\":{\"@id\":\"https:\\\/\\\/zwerge-soest.de\\\/#organization\"},\"potentialAction\":[{\"@type\":\"SearchAction\",\"target\":{\"@type\":\"EntryPoint\",\"urlTemplate\":\"https:\\\/\\\/zwerge-soest.de\\\/?s={search_term_string}\"},\"query-input\":{\"@type\":\"PropertyValueSpecification\",\"valueRequired\":true,\"valueName\":\"search_term_string\"}}],\"inLanguage\":\"de\"},{\"@type\":\"Organization\",\"@id\":\"https:\\\/\\\/zwerge-soest.de\\\/#organization\",\"name\":\"Soester Zwerge\",\"url\":\"https:\\\/\\\/zwerge-soest.de\\\/\",\"logo\":{\"@type\":\"ImageObject\",\"inLanguage\":\"de\",\"@id\":\"https:\\\/\\\/zwerge-soest.de\\\/#\\\/schema\\\/logo\\\/image\\\/\",\"url\":\"https:\\\/\\\/zwerge-soest.de\\\/wp-content\\\/uploads\\\/2020\\\/04\\\/g877sD5.png\",\"contentUrl\":\"https:\\\/\\\/zwerge-soest.de\\\/wp-content\\\/uploads\\\/2020\\\/04\\\/g877sD5.png\",\"width\":738,\"height\":300,\"caption\":\"Soester Zwerge\"},\"image\":{\"@id\":\"https:\\\/\\\/zwerge-soest.de\\\/#\\\/schema\\\/logo\\\/image\\\/\"},\"sameAs\":[\"https:\\\/\\\/www.facebook.com\\\/pages\\\/category\\\/Child-Care-Service\\\/Soester-Zwerge-Kindergro\u00dftagespflege-101729038179194\\\/\",\"https:\\\/\\\/www.instagram.com\\\/soester_zwerge\\\/?hl=de\"]}]}<\/script>\n<!-- \/ Yoast SEO plugin. -->","yoast_head_json":{"title":"Unser komplettes p\u00e4dagogisches Konzept k\u00f6nnen Sie sich gerne unten auf der Seite als pdf herunterladen. &#187; Soester-Zwerge Kindergro\u00dftagespflege","robots":{"index":"index","follow":"follow","max-snippet":"max-snippet:-1","max-image-preview":"max-image-preview:large","max-video-preview":"max-video-preview:-1"},"canonical":"https:\/\/zwerge-soest.de\/?page_id=11","og_locale":"de_DE","og_type":"article","og_title":"Unser komplettes p\u00e4dagogisches Konzept k\u00f6nnen Sie sich gerne unten auf der Seite als pdf herunterladen. &#187; Soester-Zwerge Kindergro\u00dftagespflege","og_description":"Erkl\u00e4re es mir und ich werde es vergessen!Zeige es mir und ich werde mich erinnern!Lass es mich selber tun und ich werde es verstehen! Konfuzius&hellip;","og_url":"https:\/\/zwerge-soest.de\/?page_id=11","og_site_name":"Soester-Zwerge Kindergro\u00dftagespflege","article_publisher":"https:\/\/www.facebook.com\/pages\/category\/Child-Care-Service\/Soester-Zwerge-Kindergro%c3%9ftagespflege-101729038179194\/","article_modified_time":"2026-02-15T18:25:41+00:00","og_image":[{"url":"https:\/\/zwerge-soest.de\/wp-content\/uploads\/2023\/01\/Lastenfahrrad.jpg","type":"","width":"","height":""}],"twitter_card":"summary_large_image","twitter_misc":{"Gesch\u00e4tzte Lesezeit":"3\u00a0Minuten"},"schema":{"@context":"https:\/\/schema.org","@graph":[{"@type":"WebPage","@id":"https:\/\/zwerge-soest.de\/?page_id=11","url":"https:\/\/zwerge-soest.de\/?page_id=11","name":"Unser komplettes p\u00e4dagogisches Konzept k\u00f6nnen Sie sich gerne unten auf der Seite als pdf herunterladen. &#187; Soester-Zwerge Kindergro\u00dftagespflege","isPartOf":{"@id":"https:\/\/zwerge-soest.de\/#website"},"primaryImageOfPage":{"@id":"https:\/\/zwerge-soest.de\/?page_id=11#primaryimage"},"image":{"@id":"https:\/\/zwerge-soest.de\/?page_id=11#primaryimage"},"thumbnailUrl":"https:\/\/zwerge-soest.de\/wp-content\/uploads\/2023\/01\/Lastenfahrrad.jpg","datePublished":"2020-04-02T18:59:15+00:00","dateModified":"2026-02-15T18:25:41+00:00","breadcrumb":{"@id":"https:\/\/zwerge-soest.de\/?page_id=11#breadcrumb"},"inLanguage":"de","potentialAction":[{"@type":"ReadAction","target":["https:\/\/zwerge-soest.de\/?page_id=11"]}]},{"@type":"ImageObject","inLanguage":"de","@id":"https:\/\/zwerge-soest.de\/?page_id=11#primaryimage","url":"https:\/\/zwerge-soest.de\/wp-content\/uploads\/2023\/01\/Lastenfahrrad.jpg","contentUrl":"https:\/\/zwerge-soest.de\/wp-content\/uploads\/2023\/01\/Lastenfahrrad.jpg","width":800,"height":800},{"@type":"BreadcrumbList","@id":"https:\/\/zwerge-soest.de\/?page_id=11#breadcrumb","itemListElement":[{"@type":"ListItem","position":1,"name":"Startseite","item":"https:\/\/zwerge-soest.de\/"},{"@type":"ListItem","position":2,"name":"Unser komplettes p\u00e4dagogisches Konzept k\u00f6nnen Sie sich gerne unten auf der Seite als pdf herunterladen."}]},{"@type":"WebSite","@id":"https:\/\/zwerge-soest.de\/#website","url":"https:\/\/zwerge-soest.de\/","name":"Soester Zwerge - Kindergro\u00dftagespflege","description":"","publisher":{"@id":"https:\/\/zwerge-soest.de\/#organization"},"potentialAction":[{"@type":"SearchAction","target":{"@type":"EntryPoint","urlTemplate":"https:\/\/zwerge-soest.de\/?s={search_term_string}"},"query-input":{"@type":"PropertyValueSpecification","valueRequired":true,"valueName":"search_term_string"}}],"inLanguage":"de"},{"@type":"Organization","@id":"https:\/\/zwerge-soest.de\/#organization","name":"Soester Zwerge","url":"https:\/\/zwerge-soest.de\/","logo":{"@type":"ImageObject","inLanguage":"de","@id":"https:\/\/zwerge-soest.de\/#\/schema\/logo\/image\/","url":"https:\/\/zwerge-soest.de\/wp-content\/uploads\/2020\/04\/g877sD5.png","contentUrl":"https:\/\/zwerge-soest.de\/wp-content\/uploads\/2020\/04\/g877sD5.png","width":738,"height":300,"caption":"Soester Zwerge"},"image":{"@id":"https:\/\/zwerge-soest.de\/#\/schema\/logo\/image\/"},"sameAs":["https:\/\/www.facebook.com\/pages\/category\/Child-Care-Service\/Soester-Zwerge-Kindergro\u00dftagespflege-101729038179194\/","https:\/\/www.instagram.com\/soester_zwerge\/?hl=de"]}]}},"_links":{"self":[{"href":"https:\/\/zwerge-soest.de\/index.php?rest_route=\/wp\/v2\/pages\/11","targetHints":{"allow":["GET"]}}],"collection":[{"href":"https:\/\/zwerge-soest.de\/index.php?rest_route=\/wp\/v2\/pages"}],"about":[{"href":"https:\/\/zwerge-soest.de\/index.php?rest_route=\/wp\/v2\/types\/page"}],"author":[{"embeddable":true,"href":"https:\/\/zwerge-soest.de\/index.php?rest_route=\/wp\/v2\/users\/1"}],"replies":[{"embeddable":true,"href":"https:\/\/zwerge-soest.de\/index.php?rest_route=%2Fwp%2Fv2%2Fcomments&post=11"}],"version-history":[{"count":42,"href":"https:\/\/zwerge-soest.de\/index.php?rest_route=\/wp\/v2\/pages\/11\/revisions"}],"predecessor-version":[{"id":612,"href":"https:\/\/zwerge-soest.de\/index.php?rest_route=\/wp\/v2\/pages\/11\/revisions\/612"}],"wp:attachment":[{"href":"https:\/\/zwerge-soest.de\/index.php?rest_route=%2Fwp%2Fv2%2Fmedia&parent=11"}],"curies":[{"name":"wp","href":"https:\/\/api.w.org\/{rel}","templated":true}]}}