{"id":14,"date":"2020-04-02T18:59:31","date_gmt":"2020-04-02T18:59:31","guid":{"rendered":"http:\/\/zwerge-soest.de\/?page_id=14"},"modified":"2024-05-17T11:04:04","modified_gmt":"2024-05-17T11:04:04","slug":"tagesablauf","status":"publish","type":"page","link":"https:\/\/zwerge-soest.de\/?page_id=14","title":{"rendered":"Tagesablauf"},"content":{"rendered":"\n<p><strong>Schon ab 7.30 Uhr haben Sie die M\u00f6glichkeit Ihr Kind zu bringen.<\/strong> <\/p>\n\n\n\n<p><strong>Um 8.10 Uhr beginnt unser gemeinsames Fr\u00fchst\u00fcck.<\/strong><\/p>\n\n\n\n<p>Nach dem Fr\u00fchst\u00fccken werden die Kinder gewickelt und k\u00f6nnen dann frei spielen, bis wir uns <strong>gegen<\/strong> <strong>8.45 Uhr zum Morgenkreis<\/strong> zusammen setzen. Dort begr\u00fc\u00dfen wir uns jeden Morgen mit demselben Lied, anschlie\u00dfend singen wir meist noch 2-3 weitere Lieder.<\/p>\n\n\n\n<p><strong>Wenn das Wetter es zul\u00e4sst, gehen wir dann nach drau\u00dfen<\/strong>. Es geh\u00f6rt zu unseren festen Ritualen morgens die Hasen zu f\u00fcttern.<\/p>\n\n\n\n<p>Gegen 11.00 Uhr bereiten wir alle Kinder auf das Mittagessen vor.<strong> Alle Kinder werden frisch gewickelt, waschen sich die H\u00e4nde und nach einem kleinen Tischspruch essen wir gemeinsam gegen 11.15 Uhr zu Mittag.<\/strong><\/p>\n\n\n\n<p>Dann kehrt langsam Ruhe ein und die Kinder machen <strong>ab 12.00 Uhr Mittagsschlaf<\/strong>. Es wird gegebenenfalls noch einmal frisch gewickelt, bevor wir die Kinder in ihre Betten bringen. Damit die Kinder gut in den Schlaf finden werden sie von einem von uns begleitet.<br><br><strong>Nach dem Mittagsschlaf werden wieder die Windeln gewechselt, dann k\u00f6nnen die Kinder spielen bis sie abgeholt werden.<\/strong><\/p>\n\n\n\n<p><strong>Ab 13.45 Uhr beginnt die Abholzeit und um 15.00 Uhr endet die Betreuungszeit.<\/strong><\/p>\n","protected":false},"excerpt":{"rendered":"<p>Schon ab 7.30 Uhr haben Sie die M\u00f6glichkeit Ihr Kind zu bringen. Um 8.10 Uhr beginnt unser gemeinsames Fr\u00fchst\u00fcck. Nach dem Fr\u00fchst\u00fccken werden die Kinder&hellip;<\/p>\n","protected":false},"author":1,"featured_media":0,"parent":0,"menu_order":0,"comment_status":"closed","ping_status":"closed","template":"","meta":{"ngg_post_thumbnail":0,"footnotes":""},"class_list":["post-14","page","type-page","status-publish","hentry"],"yoast_head":"<!-- This site is optimized with the Yoast SEO plugin v27.6 - https:\/\/yoast.com\/product\/yoast-seo-wordpress\/ -->\n<title>Tagesablauf &#187; Soester-Zwerge Kindergro\u00dftagespflege<\/title>\n<meta name=\"robots\" content=\"index, follow, max-snippet:-1, max-image-preview:large, max-video-preview:-1\" \/>\n<link rel=\"canonical\" href=\"https:\/\/zwerge-soest.de\/?page_id=14\" \/>\n<meta property=\"og:locale\" content=\"de_DE\" \/>\n<meta property=\"og:type\" content=\"article\" \/>\n<meta property=\"og:title\" content=\"Tagesablauf &#187; Soester-Zwerge Kindergro\u00dftagespflege\" \/>\n<meta property=\"og:description\" content=\"Schon ab 7.30 Uhr haben Sie die M\u00f6glichkeit Ihr Kind zu bringen. Um 8.10 Uhr beginnt unser gemeinsames Fr\u00fchst\u00fcck. Nach dem Fr\u00fchst\u00fccken werden die Kinder&hellip;\" \/>\n<meta property=\"og:url\" content=\"https:\/\/zwerge-soest.de\/?page_id=14\" \/>\n<meta property=\"og:site_name\" content=\"Soester-Zwerge Kindergro\u00dftagespflege\" \/>\n<meta property=\"article:publisher\" content=\"https:\/\/www.facebook.com\/pages\/category\/Child-Care-Service\/Soester-Zwerge-Kindergro%c3%9ftagespflege-101729038179194\/\" \/>\n<meta property=\"article:modified_time\" content=\"2024-05-17T11:04:04+00:00\" \/>\n<meta name=\"twitter:card\" content=\"summary_large_image\" \/>\n<meta name=\"twitter:label1\" content=\"Gesch\u00e4tzte Lesezeit\" \/>\n\t<meta name=\"twitter:data1\" content=\"2\u00a0Minuten\" \/>\n<script type=\"application\/ld+json\" class=\"yoast-schema-graph\">{\"@context\":\"https:\\\/\\\/schema.org\",\"@graph\":[{\"@type\":\"WebPage\",\"@id\":\"https:\\\/\\\/zwerge-soest.de\\\/?page_id=14\",\"url\":\"https:\\\/\\\/zwerge-soest.de\\\/?page_id=14\",\"name\":\"Tagesablauf &#187; Soester-Zwerge Kindergro\u00dftagespflege\",\"isPartOf\":{\"@id\":\"https:\\\/\\\/zwerge-soest.de\\\/#website\"},\"datePublished\":\"2020-04-02T18:59:31+00:00\",\"dateModified\":\"2024-05-17T11:04:04+00:00\",\"breadcrumb\":{\"@id\":\"https:\\\/\\\/zwerge-soest.de\\\/?page_id=14#breadcrumb\"},\"inLanguage\":\"de\",\"potentialAction\":[{\"@type\":\"ReadAction\",\"target\":[\"https:\\\/\\\/zwerge-soest.de\\\/?page_id=14\"]}]},{\"@type\":\"BreadcrumbList\",\"@id\":\"https:\\\/\\\/zwerge-soest.de\\\/?page_id=14#breadcrumb\",\"itemListElement\":[{\"@type\":\"ListItem\",\"position\":1,\"name\":\"Startseite\",\"item\":\"https:\\\/\\\/zwerge-soest.de\\\/\"},{\"@type\":\"ListItem\",\"position\":2,\"name\":\"Tagesablauf\"}]},{\"@type\":\"WebSite\",\"@id\":\"https:\\\/\\\/zwerge-soest.de\\\/#website\",\"url\":\"https:\\\/\\\/zwerge-soest.de\\\/\",\"name\":\"Soester Zwerge - Kindergro\u00dftagespflege\",\"description\":\"\",\"publisher\":{\"@id\":\"https:\\\/\\\/zwerge-soest.de\\\/#organization\"},\"potentialAction\":[{\"@type\":\"SearchAction\",\"target\":{\"@type\":\"EntryPoint\",\"urlTemplate\":\"https:\\\/\\\/zwerge-soest.de\\\/?s={search_term_string}\"},\"query-input\":{\"@type\":\"PropertyValueSpecification\",\"valueRequired\":true,\"valueName\":\"search_term_string\"}}],\"inLanguage\":\"de\"},{\"@type\":\"Organization\",\"@id\":\"https:\\\/\\\/zwerge-soest.de\\\/#organization\",\"name\":\"Soester Zwerge\",\"url\":\"https:\\\/\\\/zwerge-soest.de\\\/\",\"logo\":{\"@type\":\"ImageObject\",\"inLanguage\":\"de\",\"@id\":\"https:\\\/\\\/zwerge-soest.de\\\/#\\\/schema\\\/logo\\\/image\\\/\",\"url\":\"https:\\\/\\\/zwerge-soest.de\\\/wp-content\\\/uploads\\\/2020\\\/04\\\/g877sD5.png\",\"contentUrl\":\"https:\\\/\\\/zwerge-soest.de\\\/wp-content\\\/uploads\\\/2020\\\/04\\\/g877sD5.png\",\"width\":738,\"height\":300,\"caption\":\"Soester Zwerge\"},\"image\":{\"@id\":\"https:\\\/\\\/zwerge-soest.de\\\/#\\\/schema\\\/logo\\\/image\\\/\"},\"sameAs\":[\"https:\\\/\\\/www.facebook.com\\\/pages\\\/category\\\/Child-Care-Service\\\/Soester-Zwerge-Kindergro\u00dftagespflege-101729038179194\\\/\",\"https:\\\/\\\/www.instagram.com\\\/soester_zwerge\\\/?hl=de\"]}]}<\/script>\n<!-- \/ Yoast SEO plugin. -->","yoast_head_json":{"title":"Tagesablauf &#187; Soester-Zwerge Kindergro\u00dftagespflege","robots":{"index":"index","follow":"follow","max-snippet":"max-snippet:-1","max-image-preview":"max-image-preview:large","max-video-preview":"max-video-preview:-1"},"canonical":"https:\/\/zwerge-soest.de\/?page_id=14","og_locale":"de_DE","og_type":"article","og_title":"Tagesablauf &#187; Soester-Zwerge Kindergro\u00dftagespflege","og_description":"Schon ab 7.30 Uhr haben Sie die M\u00f6glichkeit Ihr Kind zu bringen. Um 8.10 Uhr beginnt unser gemeinsames Fr\u00fchst\u00fcck. Nach dem Fr\u00fchst\u00fccken werden die Kinder&hellip;","og_url":"https:\/\/zwerge-soest.de\/?page_id=14","og_site_name":"Soester-Zwerge Kindergro\u00dftagespflege","article_publisher":"https:\/\/www.facebook.com\/pages\/category\/Child-Care-Service\/Soester-Zwerge-Kindergro%c3%9ftagespflege-101729038179194\/","article_modified_time":"2024-05-17T11:04:04+00:00","twitter_card":"summary_large_image","twitter_misc":{"Gesch\u00e4tzte Lesezeit":"2\u00a0Minuten"},"schema":{"@context":"https:\/\/schema.org","@graph":[{"@type":"WebPage","@id":"https:\/\/zwerge-soest.de\/?page_id=14","url":"https:\/\/zwerge-soest.de\/?page_id=14","name":"Tagesablauf &#187; Soester-Zwerge Kindergro\u00dftagespflege","isPartOf":{"@id":"https:\/\/zwerge-soest.de\/#website"},"datePublished":"2020-04-02T18:59:31+00:00","dateModified":"2024-05-17T11:04:04+00:00","breadcrumb":{"@id":"https:\/\/zwerge-soest.de\/?page_id=14#breadcrumb"},"inLanguage":"de","potentialAction":[{"@type":"ReadAction","target":["https:\/\/zwerge-soest.de\/?page_id=14"]}]},{"@type":"BreadcrumbList","@id":"https:\/\/zwerge-soest.de\/?page_id=14#breadcrumb","itemListElement":[{"@type":"ListItem","position":1,"name":"Startseite","item":"https:\/\/zwerge-soest.de\/"},{"@type":"ListItem","position":2,"name":"Tagesablauf"}]},{"@type":"WebSite","@id":"https:\/\/zwerge-soest.de\/#website","url":"https:\/\/zwerge-soest.de\/","name":"Soester Zwerge - Kindergro\u00dftagespflege","description":"","publisher":{"@id":"https:\/\/zwerge-soest.de\/#organization"},"potentialAction":[{"@type":"SearchAction","target":{"@type":"EntryPoint","urlTemplate":"https:\/\/zwerge-soest.de\/?s={search_term_string}"},"query-input":{"@type":"PropertyValueSpecification","valueRequired":true,"valueName":"search_term_string"}}],"inLanguage":"de"},{"@type":"Organization","@id":"https:\/\/zwerge-soest.de\/#organization","name":"Soester Zwerge","url":"https:\/\/zwerge-soest.de\/","logo":{"@type":"ImageObject","inLanguage":"de","@id":"https:\/\/zwerge-soest.de\/#\/schema\/logo\/image\/","url":"https:\/\/zwerge-soest.de\/wp-content\/uploads\/2020\/04\/g877sD5.png","contentUrl":"https:\/\/zwerge-soest.de\/wp-content\/uploads\/2020\/04\/g877sD5.png","width":738,"height":300,"caption":"Soester Zwerge"},"image":{"@id":"https:\/\/zwerge-soest.de\/#\/schema\/logo\/image\/"},"sameAs":["https:\/\/www.facebook.com\/pages\/category\/Child-Care-Service\/Soester-Zwerge-Kindergro\u00dftagespflege-101729038179194\/","https:\/\/www.instagram.com\/soester_zwerge\/?hl=de"]}]}},"_links":{"self":[{"href":"https:\/\/zwerge-soest.de\/index.php?rest_route=\/wp\/v2\/pages\/14","targetHints":{"allow":["GET"]}}],"collection":[{"href":"https:\/\/zwerge-soest.de\/index.php?rest_route=\/wp\/v2\/pages"}],"about":[{"href":"https:\/\/zwerge-soest.de\/index.php?rest_route=\/wp\/v2\/types\/page"}],"author":[{"embeddable":true,"href":"https:\/\/zwerge-soest.de\/index.php?rest_route=\/wp\/v2\/users\/1"}],"replies":[{"embeddable":true,"href":"https:\/\/zwerge-soest.de\/index.php?rest_route=%2Fwp%2Fv2%2Fcomments&post=14"}],"version-history":[{"count":6,"href":"https:\/\/zwerge-soest.de\/index.php?rest_route=\/wp\/v2\/pages\/14\/revisions"}],"predecessor-version":[{"id":601,"href":"https:\/\/zwerge-soest.de\/index.php?rest_route=\/wp\/v2\/pages\/14\/revisions\/601"}],"wp:attachment":[{"href":"https:\/\/zwerge-soest.de\/index.php?rest_route=%2Fwp%2Fv2%2Fmedia&parent=14"}],"curies":[{"name":"wp","href":"https:\/\/api.w.org\/{rel}","templated":true}]}}